{"id":24,"date":"2022-01-28T23:49:26","date_gmt":"2022-01-28T22:49:26","guid":{"rendered":"https:\/\/website.dk\/?page_id=24"},"modified":"2024-05-28T20:30:05","modified_gmt":"2024-05-28T18:30:05","slug":"domaeneudbydere","status":"publish","type":"page","link":"https:\/\/www.website.dk\/da-dk\/domaeneudbydere\/","title":{"rendered":"Dom\u00e6neudbydere"},"content":{"rendered":"\n<p><a href=\"https:\/\/www.website.dk\/da-dk\/domaene\/\">Website.dk dom\u00e6ne<\/a> guide. Dom\u00e6ne registrering. Dom\u00e6nenavne. Tjek om dom\u00e6nenavnet er ledigt. Registrer dit dom\u00e6ne. Se priser og find billigste dom\u00e6neudbyder her!<\/p>\n\n\n\n<p><a href=\"https:\/\/dot.chosting.dk\/t\/t?a=1700714538&amp;as=1877158195&amp;t=2&amp;tk=1\" target=\"_blank\" rel=\"noreferrer noopener sponsored\">cHosting<\/a> Dom\u00e6neregistrering: Hurtig og nem registrering af unikke dom\u00e6nenavne.<\/p>\n\n\n\n<p><a href=\"https:\/\/go.duelhost.dk\/t\/t?a=1689694645&amp;as=1877158195&amp;t=2&amp;tk=1\" target=\"_blank\" rel=\"noreferrer noopener sponsored\">DuelHost<\/a> tilbyder forskellige pakker som er tilpasset til alt fra begyndere til proffessionelle, som har form\u00e5l om at arbejde med dom\u00e6ner.<\/p>\n\n\n\n<p><a href=\"https:\/\/on.e-studio.dk\/t\/t?a=1708854287&amp;as=1877158195&amp;t=2&amp;tk=1\" target=\"_blank\" rel=\"noreferrer noopener sponsored\">e-studio<\/a> er en dansk hosting virksomhed med fokus p\u00e5: Hurtige servere placeret i DK p\u00e5 eget IP netv\u00e6rk. Du skal v\u00e6lge e-studio hvis du g\u00e5r op i performance og service.<\/p>\n\n\n\n<p><a href=\"https:\/\/www.partner-ads.com\/dk\/klikbanner.php?partnerid=48026&amp;bannerid=61571\" target=\"_blank\" rel=\"noreferrer noopener sponsored\">Netgiganten<\/a> Enhver id\u00e9 starter med et godt dom\u00e6nenavn, find det nemt og billigt hos Netgiganten.<\/p>\n\n\n\n<p><a href=\"https:\/\/www.partner-ads.com\/dk\/klikbanner.php?partnerid=48026&amp;bannerid=47938\" target=\"_blank\" data-type=\"link\" data-id=\"https:\/\/www.partner-ads.com\/dk\/klikbanner.php?partnerid=48026&amp;bannerid=47938\" rel=\"noreferrer noopener sponsored\">Netsite<\/a> tilbyder s\u00f8gning og registrering af dom\u00e6nenavne, samt tilh\u00f8rende webhoteller, som er kendetegnet ved at have fokus p\u00e5 kvalitet fremfor pris. Ligeledes tilbydes hosting af egen server i form af VPS.<\/p>\n\n\n\n<p><a href=\"https:\/\/www.partner-ads.com\/dk\/klikbanner.php?partnerid=48026&amp;bannerid=67511\" target=\"_blank\" rel=\"noreferrer noopener sponsored\">Nordicway<\/a> Ubegr\u00e6nset dom\u00e6ner. Hos nordicway kan du samle alle dine dom\u00e6ner p\u00e5 \u00e9t og samme webhotel og f\u00e5 b\u00e5de e-mail og hjemmeside p\u00e5 alle dine dom\u00e6ner, uden at det koster ekstra.<\/p>\n\n\n\n<p><a href=\"https:\/\/www.awin1.com\/awclick.php?gid=471094&amp;mid=58873&amp;awinaffid=1623199&amp;linkid=3449938&amp;clickref=\" target=\"_blank\" rel=\"noreferrer noopener sponsored\">One.com<\/a> Find dit perfekte dom\u00e6nenavn.<\/p>\n\n\n\n<p><a href=\"https:\/\/www.partner-ads.com\/dk\/klikbanner.php?partnerid=48026&amp;bannerid=65023\">Webdock<\/a> er en hosting virksomhed med fokus p\u00e5 hastighed, DDOS beskyttelse og pris.<\/p>\n\n\n\n<p><a href=\"https:\/\/on.yayhosting.dk\/t\/t?a=1708855886&amp;as=1877158195&amp;t=2&amp;tk=1\" target=\"_blank\" rel=\"noreferrer noopener sponsored\">Yayhosting<\/a> Find det perfekte dom\u00e6ne &#8211; S\u00f8g blandt de mest popul\u00e6re TLD&#8217;er.<\/p>\n","protected":false},"excerpt":{"rendered":"<p>Website.dk dom\u00e6ne guide. Dom\u00e6ne registrering. Dom\u00e6nenavne. Tjek om dom\u00e6nenavnet er ledigt. Registrer dit dom\u00e6ne. Se priser og find billigste dom\u00e6neudbyder her! cHosting Dom\u00e6neregistrering: Hurtig og nem registrering af unikke dom\u00e6nenavne. DuelHost tilbyder forskellige pakker som er tilpasset til alt fra begyndere til proffessionelle, som har form\u00e5l om at arbejde med dom\u00e6ner. e-studio er en dansk [&hellip;]<\/p>\n","protected":false},"author":5,"featured_media":0,"parent":0,"menu_order":0,"comment_status":"closed","ping_status":"closed","template":"","meta":{"footnotes":""},"class_list":["post-24","page","type-page","status-publish","hentry"],"yoast_head":"<title>Dom\u00e6neudbydere - Website.dk<\/title>\n<meta name=\"robots\" content=\"index, follow, max-snippet:-1, max-image-preview:large, max-video-preview:-1\" \/>\n<link rel=\"canonical\" href=\"https:\/\/www.website.dk\/da-dk\/domaeneudbydere\/\" \/>\n<meta property=\"og:locale\" content=\"da_DK\" \/>\n<meta property=\"og:type\" content=\"article\" \/>\n<meta property=\"og:title\" content=\"Dom\u00e6neudbydere - Website.dk\" \/>\n<meta property=\"og:description\" content=\"Website.dk dom\u00e6ne guide. Dom\u00e6ne registrering. Dom\u00e6nenavne. Tjek om dom\u00e6nenavnet er ledigt. Registrer dit dom\u00e6ne. Se priser og find billigste dom\u00e6neudbyder her! cHosting Dom\u00e6neregistrering: Hurtig og nem registrering af unikke dom\u00e6nenavne. DuelHost tilbyder forskellige pakker som er tilpasset til alt fra begyndere til proffessionelle, som har form\u00e5l om at arbejde med dom\u00e6ner. e-studio er en dansk [&hellip;]\" \/>\n<meta property=\"og:url\" content=\"https:\/\/www.website.dk\/da-dk\/domaeneudbydere\/\" \/>\n<meta property=\"og:site_name\" content=\"Website.dk\" \/>\n<meta property=\"article:modified_time\" content=\"2024-05-28T18:30:05+00:00\" \/>\n<meta name=\"twitter:card\" content=\"summary_large_image\" \/>\n<meta name=\"twitter:label1\" content=\"Estimeret l\u00e6setid\" \/>\n\t<meta name=\"twitter:data1\" content=\"1 minut\" \/>\n<script type=\"application\/ld+json\" class=\"yoast-schema-graph\">{\"@context\":\"https:\\\/\\\/schema.org\",\"@graph\":[{\"@type\":\"WebPage\",\"@id\":\"https:\\\/\\\/www.website.dk\\\/da-dk\\\/domaeneudbydere\\\/\",\"url\":\"https:\\\/\\\/www.website.dk\\\/da-dk\\\/domaeneudbydere\\\/\",\"name\":\"Dom\u00e6neudbydere - Website.dk\",\"isPartOf\":{\"@id\":\"https:\\\/\\\/www.website.dk\\\/da-dk\\\/#website\"},\"datePublished\":\"2022-01-28T22:49:26+00:00\",\"dateModified\":\"2024-05-28T18:30:05+00:00\",\"breadcrumb\":{\"@id\":\"https:\\\/\\\/www.website.dk\\\/da-dk\\\/domaeneudbydere\\\/#breadcrumb\"},\"inLanguage\":\"da-DK\",\"potentialAction\":[{\"@type\":\"ReadAction\",\"target\":[\"https:\\\/\\\/www.website.dk\\\/da-dk\\\/domaeneudbydere\\\/\"]}]},{\"@type\":\"BreadcrumbList\",\"@id\":\"https:\\\/\\\/www.website.dk\\\/da-dk\\\/domaeneudbydere\\\/#breadcrumb\",\"itemListElement\":[{\"@type\":\"ListItem\",\"position\":1,\"name\":\"Home\",\"item\":\"https:\\\/\\\/www.website.dk\\\/da-dk\\\/\"},{\"@type\":\"ListItem\",\"position\":2,\"name\":\"Dom\u00e6neudbydere\"}]},{\"@type\":\"WebSite\",\"@id\":\"https:\\\/\\\/www.website.dk\\\/da-dk\\\/#website\",\"url\":\"https:\\\/\\\/www.website.dk\\\/da-dk\\\/\",\"name\":\"Website.dk\",\"description\":\"\",\"publisher\":{\"@id\":\"https:\\\/\\\/www.website.dk\\\/da-dk\\\/#organization\"},\"potentialAction\":[{\"@type\":\"SearchAction\",\"target\":{\"@type\":\"EntryPoint\",\"urlTemplate\":\"https:\\\/\\\/www.website.dk\\\/da-dk\\\/?s={search_term_string}\"},\"query-input\":{\"@type\":\"PropertyValueSpecification\",\"valueRequired\":true,\"valueName\":\"search_term_string\"}}],\"inLanguage\":\"da-DK\"},{\"@type\":\"Organization\",\"@id\":\"https:\\\/\\\/www.website.dk\\\/da-dk\\\/#organization\",\"name\":\"Website.dk\",\"url\":\"https:\\\/\\\/www.website.dk\\\/da-dk\\\/\",\"logo\":{\"@type\":\"ImageObject\",\"inLanguage\":\"da-DK\",\"@id\":\"https:\\\/\\\/www.website.dk\\\/da-dk\\\/#\\\/schema\\\/logo\\\/image\\\/\",\"url\":\"https:\\\/\\\/www.website.dk\\\/da-dk\\\/wp-content\\\/uploads\\\/2023\\\/10\\\/logo-1.gif\",\"contentUrl\":\"https:\\\/\\\/www.website.dk\\\/da-dk\\\/wp-content\\\/uploads\\\/2023\\\/10\\\/logo-1.gif\",\"width\":260,\"height\":90,\"caption\":\"Website.dk\"},\"image\":{\"@id\":\"https:\\\/\\\/www.website.dk\\\/da-dk\\\/#\\\/schema\\\/logo\\\/image\\\/\"}}]}<\/script>","yoast_head_json":{"title":"Dom\u00e6neudbydere - Website.dk","robots":{"index":"index","follow":"follow","max-snippet":"max-snippet:-1","max-image-preview":"max-image-preview:large","max-video-preview":"max-video-preview:-1"},"canonical":"https:\/\/www.website.dk\/da-dk\/domaeneudbydere\/","og_locale":"da_DK","og_type":"article","og_title":"Dom\u00e6neudbydere - Website.dk","og_description":"Website.dk dom\u00e6ne guide. Dom\u00e6ne registrering. Dom\u00e6nenavne. Tjek om dom\u00e6nenavnet er ledigt. Registrer dit dom\u00e6ne. Se priser og find billigste dom\u00e6neudbyder her! cHosting Dom\u00e6neregistrering: Hurtig og nem registrering af unikke dom\u00e6nenavne. DuelHost tilbyder forskellige pakker som er tilpasset til alt fra begyndere til proffessionelle, som har form\u00e5l om at arbejde med dom\u00e6ner. e-studio er en dansk [&hellip;]","og_url":"https:\/\/www.website.dk\/da-dk\/domaeneudbydere\/","og_site_name":"Website.dk","article_modified_time":"2024-05-28T18:30:05+00:00","twitter_card":"summary_large_image","twitter_misc":{"Estimeret l\u00e6setid":"1 minut"},"schema":{"@context":"https:\/\/schema.org","@graph":[{"@type":"WebPage","@id":"https:\/\/www.website.dk\/da-dk\/domaeneudbydere\/","url":"https:\/\/www.website.dk\/da-dk\/domaeneudbydere\/","name":"Dom\u00e6neudbydere - Website.dk","isPartOf":{"@id":"https:\/\/www.website.dk\/da-dk\/#website"},"datePublished":"2022-01-28T22:49:26+00:00","dateModified":"2024-05-28T18:30:05+00:00","breadcrumb":{"@id":"https:\/\/www.website.dk\/da-dk\/domaeneudbydere\/#breadcrumb"},"inLanguage":"da-DK","potentialAction":[{"@type":"ReadAction","target":["https:\/\/www.website.dk\/da-dk\/domaeneudbydere\/"]}]},{"@type":"BreadcrumbList","@id":"https:\/\/www.website.dk\/da-dk\/domaeneudbydere\/#breadcrumb","itemListElement":[{"@type":"ListItem","position":1,"name":"Home","item":"https:\/\/www.website.dk\/da-dk\/"},{"@type":"ListItem","position":2,"name":"Dom\u00e6neudbydere"}]},{"@type":"WebSite","@id":"https:\/\/www.website.dk\/da-dk\/#website","url":"https:\/\/www.website.dk\/da-dk\/","name":"Website.dk","description":"","publisher":{"@id":"https:\/\/www.website.dk\/da-dk\/#organization"},"potentialAction":[{"@type":"SearchAction","target":{"@type":"EntryPoint","urlTemplate":"https:\/\/www.website.dk\/da-dk\/?s={search_term_string}"},"query-input":{"@type":"PropertyValueSpecification","valueRequired":true,"valueName":"search_term_string"}}],"inLanguage":"da-DK"},{"@type":"Organization","@id":"https:\/\/www.website.dk\/da-dk\/#organization","name":"Website.dk","url":"https:\/\/www.website.dk\/da-dk\/","logo":{"@type":"ImageObject","inLanguage":"da-DK","@id":"https:\/\/www.website.dk\/da-dk\/#\/schema\/logo\/image\/","url":"https:\/\/www.website.dk\/da-dk\/wp-content\/uploads\/2023\/10\/logo-1.gif","contentUrl":"https:\/\/www.website.dk\/da-dk\/wp-content\/uploads\/2023\/10\/logo-1.gif","width":260,"height":90,"caption":"Website.dk"},"image":{"@id":"https:\/\/www.website.dk\/da-dk\/#\/schema\/logo\/image\/"}}]}},"_links":{"self":[{"href":"https:\/\/www.website.dk\/da-dk\/wp-json\/wp\/v2\/pages\/24","targetHints":{"allow":["GET"]}}],"collection":[{"href":"https:\/\/www.website.dk\/da-dk\/wp-json\/wp\/v2\/pages"}],"about":[{"href":"https:\/\/www.website.dk\/da-dk\/wp-json\/wp\/v2\/types\/page"}],"author":[{"embeddable":true,"href":"https:\/\/www.website.dk\/da-dk\/wp-json\/wp\/v2\/users\/5"}],"replies":[{"embeddable":true,"href":"https:\/\/www.website.dk\/da-dk\/wp-json\/wp\/v2\/comments?post=24"}],"version-history":[{"count":0,"href":"https:\/\/www.website.dk\/da-dk\/wp-json\/wp\/v2\/pages\/24\/revisions"}],"wp:attachment":[{"href":"https:\/\/www.website.dk\/da-dk\/wp-json\/wp\/v2\/media?parent=24"}],"curies":[{"name":"wp","href":"https:\/\/api.w.org\/{rel}","templated":true}]}}