{"id":26,"date":"2022-01-28T23:49:34","date_gmt":"2022-01-28T22:49:34","guid":{"rendered":"https:\/\/website.dk\/?page_id=26"},"modified":"2024-05-28T20:25:20","modified_gmt":"2024-05-28T18:25:20","slug":"hosting-firmaer","status":"publish","type":"page","link":"https:\/\/www.website.dk\/da-dk\/hosting-firmaer\/","title":{"rendered":"Hosting Firmaer"},"content":{"rendered":"\n<p>G\u00f8r dit website tilg\u00e6ngeligt p\u00e5 nettet med webhotel \/ webhosting. Vi har samlet en r\u00e6kke firmaer der tilbyder webhosting for dig der s\u00f8ger et hostingfirma.<\/p>\n\n\n\n<p><a href=\"https:\/\/dot.chosting.dk\/t\/t?a=1700714538&amp;as=1877158195&amp;t=2&amp;tk=1\" target=\"_blank\" rel=\"noreferrer noopener sponsored\">cHosting<\/a> er en f\u00f8rende udbyder af p\u00e5lidelig webhosting. cHosting, tilbyder f\u00f8rsteklasses webhosting tilpasset dine behov.<\/p>\n\n\n\n<p><a href=\"https:\/\/go.duelhost.dk\/t\/t?a=1689694645&amp;as=1877158195&amp;t=2&amp;tk=1\">DuelHost<\/a> leverer skr\u00e6ddersyede l\u00f8sninger til alle behov for webhosting, har professionel dansksproget support og h\u00f8j ydeevne.<\/p>\n\n\n\n<p><a href=\"https:\/\/on.e-studio.dk\/t\/t?a=1708854287&amp;as=1877158195&amp;t=2&amp;tk=1\" target=\"_blank\" rel=\"noreferrer noopener sponsored\">E-studio<\/a> g\u00e5r meget op i solid performance, og arbejder dagligt p\u00e5 at forbedre den. Slip af med bekymringerne og lad e-studio hoste.<\/p>\n\n\n\n<p><a href=\"https:\/\/www.awin1.com\/awclick.php?gid=471098&amp;mid=58873&amp;awinaffid=1623199&amp;linkid=3449942&amp;clickref=\" target=\"_blank\" rel=\"noreferrer noopener sponsored\">One.com<\/a> Hurtig, sikker og p\u00e5lidelig hosting.<\/p>\n\n\n\n<p><a href=\"https:\/\/on.yayhosting.dk\/t\/t?a=1708855886&amp;as=1877158195&amp;t=2&amp;tk=1\" target=\"_blank\" rel=\"noreferrer noopener sponsored\">Yayhosting<\/a> Hosting made simple. Yayhosting har kun \u00e9n pakke, som kan skaleres efter dit behov.<\/p>\n","protected":false},"excerpt":{"rendered":"<p>G\u00f8r dit website tilg\u00e6ngeligt p\u00e5 nettet med webhotel \/ webhosting. Vi har samlet en r\u00e6kke firmaer der tilbyder webhosting for dig der s\u00f8ger et hostingfirma. cHosting er en f\u00f8rende udbyder af p\u00e5lidelig webhosting. cHosting, tilbyder f\u00f8rsteklasses webhosting tilpasset dine behov. DuelHost leverer skr\u00e6ddersyede l\u00f8sninger til alle behov for webhosting, har professionel dansksproget support og h\u00f8j [&hellip;]<\/p>\n","protected":false},"author":5,"featured_media":0,"parent":0,"menu_order":0,"comment_status":"closed","ping_status":"closed","template":"","meta":{"footnotes":""},"class_list":["post-26","page","type-page","status-publish","hentry"],"yoast_head":"<title>Hosting Firmaer - Website.dk<\/title>\n<meta name=\"robots\" content=\"index, follow, max-snippet:-1, max-image-preview:large, max-video-preview:-1\" \/>\n<link rel=\"canonical\" href=\"https:\/\/www.website.dk\/da-dk\/hosting-firmaer\/\" \/>\n<meta property=\"og:locale\" content=\"da_DK\" \/>\n<meta property=\"og:type\" content=\"article\" \/>\n<meta property=\"og:title\" content=\"Hosting Firmaer - Website.dk\" \/>\n<meta property=\"og:description\" content=\"G\u00f8r dit website tilg\u00e6ngeligt p\u00e5 nettet med webhotel \/ webhosting. Vi har samlet en r\u00e6kke firmaer der tilbyder webhosting for dig der s\u00f8ger et hostingfirma. cHosting er en f\u00f8rende udbyder af p\u00e5lidelig webhosting. cHosting, tilbyder f\u00f8rsteklasses webhosting tilpasset dine behov. DuelHost leverer skr\u00e6ddersyede l\u00f8sninger til alle behov for webhosting, har professionel dansksproget support og h\u00f8j [&hellip;]\" \/>\n<meta property=\"og:url\" content=\"https:\/\/www.website.dk\/da-dk\/hosting-firmaer\/\" \/>\n<meta property=\"og:site_name\" content=\"Website.dk\" \/>\n<meta property=\"article:modified_time\" content=\"2024-05-28T18:25:20+00:00\" \/>\n<meta name=\"twitter:card\" content=\"summary_large_image\" \/>\n<meta name=\"twitter:label1\" content=\"Estimeret l\u00e6setid\" \/>\n\t<meta name=\"twitter:data1\" content=\"1 minut\" \/>\n<script type=\"application\/ld+json\" class=\"yoast-schema-graph\">{\"@context\":\"https:\\\/\\\/schema.org\",\"@graph\":[{\"@type\":\"WebPage\",\"@id\":\"https:\\\/\\\/www.website.dk\\\/da-dk\\\/hosting-firmaer\\\/\",\"url\":\"https:\\\/\\\/www.website.dk\\\/da-dk\\\/hosting-firmaer\\\/\",\"name\":\"Hosting Firmaer - Website.dk\",\"isPartOf\":{\"@id\":\"https:\\\/\\\/www.website.dk\\\/da-dk\\\/#website\"},\"datePublished\":\"2022-01-28T22:49:34+00:00\",\"dateModified\":\"2024-05-28T18:25:20+00:00\",\"breadcrumb\":{\"@id\":\"https:\\\/\\\/www.website.dk\\\/da-dk\\\/hosting-firmaer\\\/#breadcrumb\"},\"inLanguage\":\"da-DK\",\"potentialAction\":[{\"@type\":\"ReadAction\",\"target\":[\"https:\\\/\\\/www.website.dk\\\/da-dk\\\/hosting-firmaer\\\/\"]}]},{\"@type\":\"BreadcrumbList\",\"@id\":\"https:\\\/\\\/www.website.dk\\\/da-dk\\\/hosting-firmaer\\\/#breadcrumb\",\"itemListElement\":[{\"@type\":\"ListItem\",\"position\":1,\"name\":\"Home\",\"item\":\"https:\\\/\\\/www.website.dk\\\/da-dk\\\/\"},{\"@type\":\"ListItem\",\"position\":2,\"name\":\"Hosting Firmaer\"}]},{\"@type\":\"WebSite\",\"@id\":\"https:\\\/\\\/www.website.dk\\\/da-dk\\\/#website\",\"url\":\"https:\\\/\\\/www.website.dk\\\/da-dk\\\/\",\"name\":\"Website.dk\",\"description\":\"\",\"publisher\":{\"@id\":\"https:\\\/\\\/www.website.dk\\\/da-dk\\\/#organization\"},\"potentialAction\":[{\"@type\":\"SearchAction\",\"target\":{\"@type\":\"EntryPoint\",\"urlTemplate\":\"https:\\\/\\\/www.website.dk\\\/da-dk\\\/?s={search_term_string}\"},\"query-input\":{\"@type\":\"PropertyValueSpecification\",\"valueRequired\":true,\"valueName\":\"search_term_string\"}}],\"inLanguage\":\"da-DK\"},{\"@type\":\"Organization\",\"@id\":\"https:\\\/\\\/www.website.dk\\\/da-dk\\\/#organization\",\"name\":\"Website.dk\",\"url\":\"https:\\\/\\\/www.website.dk\\\/da-dk\\\/\",\"logo\":{\"@type\":\"ImageObject\",\"inLanguage\":\"da-DK\",\"@id\":\"https:\\\/\\\/www.website.dk\\\/da-dk\\\/#\\\/schema\\\/logo\\\/image\\\/\",\"url\":\"https:\\\/\\\/www.website.dk\\\/da-dk\\\/wp-content\\\/uploads\\\/2023\\\/10\\\/logo-1.gif\",\"contentUrl\":\"https:\\\/\\\/www.website.dk\\\/da-dk\\\/wp-content\\\/uploads\\\/2023\\\/10\\\/logo-1.gif\",\"width\":260,\"height\":90,\"caption\":\"Website.dk\"},\"image\":{\"@id\":\"https:\\\/\\\/www.website.dk\\\/da-dk\\\/#\\\/schema\\\/logo\\\/image\\\/\"}}]}<\/script>","yoast_head_json":{"title":"Hosting Firmaer - Website.dk","robots":{"index":"index","follow":"follow","max-snippet":"max-snippet:-1","max-image-preview":"max-image-preview:large","max-video-preview":"max-video-preview:-1"},"canonical":"https:\/\/www.website.dk\/da-dk\/hosting-firmaer\/","og_locale":"da_DK","og_type":"article","og_title":"Hosting Firmaer - Website.dk","og_description":"G\u00f8r dit website tilg\u00e6ngeligt p\u00e5 nettet med webhotel \/ webhosting. Vi har samlet en r\u00e6kke firmaer der tilbyder webhosting for dig der s\u00f8ger et hostingfirma. cHosting er en f\u00f8rende udbyder af p\u00e5lidelig webhosting. cHosting, tilbyder f\u00f8rsteklasses webhosting tilpasset dine behov. DuelHost leverer skr\u00e6ddersyede l\u00f8sninger til alle behov for webhosting, har professionel dansksproget support og h\u00f8j [&hellip;]","og_url":"https:\/\/www.website.dk\/da-dk\/hosting-firmaer\/","og_site_name":"Website.dk","article_modified_time":"2024-05-28T18:25:20+00:00","twitter_card":"summary_large_image","twitter_misc":{"Estimeret l\u00e6setid":"1 minut"},"schema":{"@context":"https:\/\/schema.org","@graph":[{"@type":"WebPage","@id":"https:\/\/www.website.dk\/da-dk\/hosting-firmaer\/","url":"https:\/\/www.website.dk\/da-dk\/hosting-firmaer\/","name":"Hosting Firmaer - Website.dk","isPartOf":{"@id":"https:\/\/www.website.dk\/da-dk\/#website"},"datePublished":"2022-01-28T22:49:34+00:00","dateModified":"2024-05-28T18:25:20+00:00","breadcrumb":{"@id":"https:\/\/www.website.dk\/da-dk\/hosting-firmaer\/#breadcrumb"},"inLanguage":"da-DK","potentialAction":[{"@type":"ReadAction","target":["https:\/\/www.website.dk\/da-dk\/hosting-firmaer\/"]}]},{"@type":"BreadcrumbList","@id":"https:\/\/www.website.dk\/da-dk\/hosting-firmaer\/#breadcrumb","itemListElement":[{"@type":"ListItem","position":1,"name":"Home","item":"https:\/\/www.website.dk\/da-dk\/"},{"@type":"ListItem","position":2,"name":"Hosting Firmaer"}]},{"@type":"WebSite","@id":"https:\/\/www.website.dk\/da-dk\/#website","url":"https:\/\/www.website.dk\/da-dk\/","name":"Website.dk","description":"","publisher":{"@id":"https:\/\/www.website.dk\/da-dk\/#organization"},"potentialAction":[{"@type":"SearchAction","target":{"@type":"EntryPoint","urlTemplate":"https:\/\/www.website.dk\/da-dk\/?s={search_term_string}"},"query-input":{"@type":"PropertyValueSpecification","valueRequired":true,"valueName":"search_term_string"}}],"inLanguage":"da-DK"},{"@type":"Organization","@id":"https:\/\/www.website.dk\/da-dk\/#organization","name":"Website.dk","url":"https:\/\/www.website.dk\/da-dk\/","logo":{"@type":"ImageObject","inLanguage":"da-DK","@id":"https:\/\/www.website.dk\/da-dk\/#\/schema\/logo\/image\/","url":"https:\/\/www.website.dk\/da-dk\/wp-content\/uploads\/2023\/10\/logo-1.gif","contentUrl":"https:\/\/www.website.dk\/da-dk\/wp-content\/uploads\/2023\/10\/logo-1.gif","width":260,"height":90,"caption":"Website.dk"},"image":{"@id":"https:\/\/www.website.dk\/da-dk\/#\/schema\/logo\/image\/"}}]}},"_links":{"self":[{"href":"https:\/\/www.website.dk\/da-dk\/wp-json\/wp\/v2\/pages\/26","targetHints":{"allow":["GET"]}}],"collection":[{"href":"https:\/\/www.website.dk\/da-dk\/wp-json\/wp\/v2\/pages"}],"about":[{"href":"https:\/\/www.website.dk\/da-dk\/wp-json\/wp\/v2\/types\/page"}],"author":[{"embeddable":true,"href":"https:\/\/www.website.dk\/da-dk\/wp-json\/wp\/v2\/users\/5"}],"replies":[{"embeddable":true,"href":"https:\/\/www.website.dk\/da-dk\/wp-json\/wp\/v2\/comments?post=26"}],"version-history":[{"count":0,"href":"https:\/\/www.website.dk\/da-dk\/wp-json\/wp\/v2\/pages\/26\/revisions"}],"wp:attachment":[{"href":"https:\/\/www.website.dk\/da-dk\/wp-json\/wp\/v2\/media?parent=26"}],"curies":[{"name":"wp","href":"https:\/\/api.w.org\/{rel}","templated":true}]}}